{"id":85,"date":"2019-09-09T08:12:40","date_gmt":"2019-09-09T08:12:40","guid":{"rendered":"https:\/\/www.annis-stoffecke.de\/?page_id=85"},"modified":"2019-09-09T08:14:10","modified_gmt":"2019-09-09T08:14:10","slug":"kollektion","status":"publish","type":"page","link":"https:\/\/www.annis-stoffecke.de\/?page_id=85","title":{"rendered":"Handmade"},"content":{"rendered":"<p>Hier finden Sie N\u00e4hbeispiele bzw. die bereits gen\u00e4hten Modelle.<\/p>\n<p>M\u00f6chten Sie ein Set individuell gen\u00e4ht haben?<br \/>\nMelden Sie sich einfach bei mir.<\/p>\n","protected":false},"excerpt":{"rendered":"<p>Hier finden Sie N\u00e4hbeispiele bzw. die bereits gen\u00e4hten Modelle. M\u00f6chten Sie ein Set individuell gen\u00e4ht haben? Melden Sie sich einfach bei mir.<\/p>\n","protected":false},"author":2,"featured_media":0,"parent":0,"menu_order":0,"comment_status":"closed","ping_status":"closed","template":"","meta":{"footnotes":""},"class_list":["post-85","page","type-page","status-publish","hentry"],"_links":{"self":[{"href":"https:\/\/www.annis-stoffecke.de\/index.php?rest_route=\/wp\/v2\/pages\/85","targetHints":{"allow":["GET"]}}],"collection":[{"href":"https:\/\/www.annis-stoffecke.de\/index.php?rest_route=\/wp\/v2\/pages"}],"about":[{"href":"https:\/\/www.annis-stoffecke.de\/index.php?rest_route=\/wp\/v2\/types\/page"}],"author":[{"embeddable":true,"href":"https:\/\/www.annis-stoffecke.de\/index.php?rest_route=\/wp\/v2\/users\/2"}],"replies":[{"embeddable":true,"href":"https:\/\/www.annis-stoffecke.de\/index.php?rest_route=%2Fwp%2Fv2%2Fcomments&post=85"}],"version-history":[{"count":2,"href":"https:\/\/www.annis-stoffecke.de\/index.php?rest_route=\/wp\/v2\/pages\/85\/revisions"}],"predecessor-version":[{"id":87,"href":"https:\/\/www.annis-stoffecke.de\/index.php?rest_route=\/wp\/v2\/pages\/85\/revisions\/87"}],"wp:attachment":[{"href":"https:\/\/www.annis-stoffecke.de\/index.php?rest_route=%2Fwp%2Fv2%2Fmedia&parent=85"}],"curies":[{"name":"wp","href":"https:\/\/api.w.org\/{rel}","templated":true}]}}