{"id":14,"date":"2019-07-16T18:44:30","date_gmt":"2019-07-16T18:44:30","guid":{"rendered":"https:\/\/www.annis-stoffecke.de\/?page_id=14"},"modified":"2022-06-20T16:18:41","modified_gmt":"2022-06-20T16:18:41","slug":"kontakt","status":"publish","type":"page","link":"https:\/\/www.annis-stoffecke.de\/?page_id=14","title":{"rendered":"Kontakt"},"content":{"rendered":"<p>Unser Kontakt:<\/p>\n<p>Gern kommen Sie bei uns vorbei in der Hauptstra\u00dfe 22 in Grube<br \/>\noder rufen Sie uns unter<\/p>\n<p>043647798025<\/p>\n<p>und sprechen Sie gern Ihre W\u00fcnsche auf unsere Mailbox.<br \/>\nIch rufe Sie umgehend zur\u00fcck.<strong><br \/>\n<\/strong><\/p>\n<p>handmade Kleidung<\/p>\n<p>Annis-Stoffecke.de<\/p>\n<p>Hauptstr. 22<br \/>\n23749 Grube<\/p>\n<p>&nbsp;<\/p>\n","protected":false},"excerpt":{"rendered":"<p>Unser Kontakt: Gern kommen Sie bei uns vorbei in der Hauptstra\u00dfe 22 in Grube oder rufen Sie uns unter 043647798025 und sprechen Sie gern Ihre W\u00fcnsche auf unsere Mailbox. Ich rufe Sie umgehend zur\u00fcck. handmade Kleidung Annis-Stoffecke.de Hauptstr. 22 23749 Grube &nbsp;<\/p>\n","protected":false},"author":2,"featured_media":0,"parent":0,"menu_order":0,"comment_status":"closed","ping_status":"closed","template":"","meta":{"footnotes":""},"class_list":["post-14","page","type-page","status-publish","hentry"],"_links":{"self":[{"href":"https:\/\/www.annis-stoffecke.de\/index.php?rest_route=\/wp\/v2\/pages\/14","targetHints":{"allow":["GET"]}}],"collection":[{"href":"https:\/\/www.annis-stoffecke.de\/index.php?rest_route=\/wp\/v2\/pages"}],"about":[{"href":"https:\/\/www.annis-stoffecke.de\/index.php?rest_route=\/wp\/v2\/types\/page"}],"author":[{"embeddable":true,"href":"https:\/\/www.annis-stoffecke.de\/index.php?rest_route=\/wp\/v2\/users\/2"}],"replies":[{"embeddable":true,"href":"https:\/\/www.annis-stoffecke.de\/index.php?rest_route=%2Fwp%2Fv2%2Fcomments&post=14"}],"version-history":[{"count":6,"href":"https:\/\/www.annis-stoffecke.de\/index.php?rest_route=\/wp\/v2\/pages\/14\/revisions"}],"predecessor-version":[{"id":95,"href":"https:\/\/www.annis-stoffecke.de\/index.php?rest_route=\/wp\/v2\/pages\/14\/revisions\/95"}],"wp:attachment":[{"href":"https:\/\/www.annis-stoffecke.de\/index.php?rest_route=%2Fwp%2Fv2%2Fmedia&parent=14"}],"curies":[{"name":"wp","href":"https:\/\/api.w.org\/{rel}","templated":true}]}}