{"id":13,"date":"2019-07-16T18:44:30","date_gmt":"2019-07-16T18:44:30","guid":{"rendered":"https:\/\/www.annis-stoffecke.de\/?page_id=13"},"modified":"2022-06-20T16:20:05","modified_gmt":"2022-06-20T16:20:05","slug":"ueber-mich","status":"publish","type":"page","link":"https:\/\/www.annis-stoffecke.de\/","title":{"rendered":"\u00dcber mich"},"content":{"rendered":"<p>Annis Stoffecke ist entstanden aus Lust am N\u00e4hen und zu viele regnerische Abende.<\/p>\n<p>Ich n\u00e4he aus Begeisterung.<\/p>\n<p>Um aus gutem Material eine Kleidung zu erschaffen, die wiederum gerne und oft getragen werden kann.<\/p>\n<p>Gern kommen Sie bei uns vorbei in der Hauptstra\u00dfe 22<br \/>\nin unserem Schaufenster h\u00e4ngen aktuelle Kleidungsst\u00fccke in vielen Gr\u00f6\u00dfen aus.<\/p>\n<p>Freuen Sie sich \u00fcber gen\u00e4hte herbstliche\/ winterliche Dekoration zum verschenken? Dann schauen Sie gern bei uns vorbei.<\/p>\n<p>in Grube<br \/>\noder rufen Sie uns unter<\/p>\n<p>043647798025<\/p>\n<p>und sprechen Sie gern Ihre W\u00fcnsche auf unsere Mailbox.<br \/>\nIch rufe Sie umgehend zur\u00fcck.<strong><br \/>\n<\/strong><\/p>\n","protected":false},"excerpt":{"rendered":"<p>Annis Stoffecke ist entstanden aus Lust am N\u00e4hen und zu viele regnerische Abende. Ich n\u00e4he aus Begeisterung. Um aus gutem Material eine Kleidung zu erschaffen, die wiederum gerne und oft getragen werden kann. Gern kommen Sie bei uns vorbei in der Hauptstra\u00dfe 22 in unserem Schaufenster h\u00e4ngen aktuelle Kleidungsst\u00fccke in vielen Gr\u00f6\u00dfen aus. Freuen Sie &hellip; <a href=\"https:\/\/www.annis-stoffecke.de\/\" class=\"more-link\"><span class=\"screen-reader-text\">\u201e\u00dcber mich\u201c <\/span>weiterlesen<\/a><\/p>\n","protected":false},"author":2,"featured_media":0,"parent":0,"menu_order":0,"comment_status":"closed","ping_status":"closed","template":"","meta":{"footnotes":""},"class_list":["post-13","page","type-page","status-publish","hentry"],"_links":{"self":[{"href":"https:\/\/www.annis-stoffecke.de\/index.php?rest_route=\/wp\/v2\/pages\/13","targetHints":{"allow":["GET"]}}],"collection":[{"href":"https:\/\/www.annis-stoffecke.de\/index.php?rest_route=\/wp\/v2\/pages"}],"about":[{"href":"https:\/\/www.annis-stoffecke.de\/index.php?rest_route=\/wp\/v2\/types\/page"}],"author":[{"embeddable":true,"href":"https:\/\/www.annis-stoffecke.de\/index.php?rest_route=\/wp\/v2\/users\/2"}],"replies":[{"embeddable":true,"href":"https:\/\/www.annis-stoffecke.de\/index.php?rest_route=%2Fwp%2Fv2%2Fcomments&post=13"}],"version-history":[{"count":6,"href":"https:\/\/www.annis-stoffecke.de\/index.php?rest_route=\/wp\/v2\/pages\/13\/revisions"}],"predecessor-version":[{"id":97,"href":"https:\/\/www.annis-stoffecke.de\/index.php?rest_route=\/wp\/v2\/pages\/13\/revisions\/97"}],"wp:attachment":[{"href":"https:\/\/www.annis-stoffecke.de\/index.php?rest_route=%2Fwp%2Fv2%2Fmedia&parent=13"}],"curies":[{"name":"wp","href":"https:\/\/api.w.org\/{rel}","templated":true}]}}